{"id":19234,"date":"2020-02-18T11:48:34","date_gmt":"2020-02-18T11:48:34","guid":{"rendered":"https:\/\/turkeycommercial.com\/ozellikler\/"},"modified":"2023-08-05T17:24:44","modified_gmt":"2023-08-05T17:24:44","slug":"ozellikler","status":"publish","type":"page","link":"https:\/\/turkeycommercial.com\/tr\/ozellikler\/","title":{"rendered":"Portf\u00f6y\u00fcm\u00fcz"},"content":{"rendered":"","protected":false},"excerpt":{"rendered":"","protected":false},"author":1,"featured_media":0,"parent":0,"menu_order":0,"comment_status":"closed","ping_status":"closed","template":"template\/template-listing-grid-v1-fullwidth-3cols.php","meta":{"footnotes":""},"class_list":["post-19234","page","type-page","status-publish","hentry"],"_links":{"self":[{"href":"https:\/\/turkeycommercial.com\/tr\/wp-json\/wp\/v2\/pages\/19234","targetHints":{"allow":["GET"]}}],"collection":[{"href":"https:\/\/turkeycommercial.com\/tr\/wp-json\/wp\/v2\/pages"}],"about":[{"href":"https:\/\/turkeycommercial.com\/tr\/wp-json\/wp\/v2\/types\/page"}],"author":[{"embeddable":true,"href":"https:\/\/turkeycommercial.com\/tr\/wp-json\/wp\/v2\/users\/1"}],"replies":[{"embeddable":true,"href":"https:\/\/turkeycommercial.com\/tr\/wp-json\/wp\/v2\/comments?post=19234"}],"version-history":[{"count":1,"href":"https:\/\/turkeycommercial.com\/tr\/wp-json\/wp\/v2\/pages\/19234\/revisions"}],"predecessor-version":[{"id":19274,"href":"https:\/\/turkeycommercial.com\/tr\/wp-json\/wp\/v2\/pages\/19234\/revisions\/19274"}],"wp:attachment":[{"href":"https:\/\/turkeycommercial.com\/tr\/wp-json\/wp\/v2\/media?parent=19234"}],"curies":[{"name":"wp","href":"https:\/\/api.w.org\/{rel}","templated":true}]}}